{"id":9,"date":"2006-06-21T19:16:06","date_gmt":"2006-06-21T17:16:06","guid":{"rendered":"http:\/\/www.polodeguinea.com\/?page_id=9"},"modified":"2010-02-14T18:08:43","modified_gmt":"2010-02-14T17:08:43","slug":"curso-adaptacion-televisiva-para-redactores","status":"publish","type":"page","link":"https:\/\/polodeguinea.com\/?page_id=9","title":{"rendered":"Curso: ADAPTACI\u00d3N TELEVISIVA PARA REDACTORES"},"content":{"rendered":"<p class=\"MsoNormal\"><strong>Va dirigido a:<\/strong> Periodistas que se incorporan a un medio televisivo.<\/p>\n<p class=\"MsoNormal\">\n<p class=\"MsoNormal\"><strong>Objetivos<\/strong>: Facilitar la adaptaci\u00f3n t\u00e9cnica y pr\u00e1ctica de los periodistas a la televisi\u00f3n como medio de informaci\u00f3n audiovisual.<\/p>\n<p class=\"MsoNormal\">Completar conocimientos de las limitaciones t\u00e9cnicas disponibles para la realizaci\u00f3n de reportajes.<\/p>\n<p class=\"MsoNormal\">\n<p class=\"MsoNormal\"><strong>G\u00e9neros de la informaci\u00f3n en televisi\u00f3n.<\/strong><\/p>\n<p class=\"MsoNormal\"><strong>Redacci\u00f3n para televisi\u00f3n. Sintaxis y estilo.<\/strong><\/p>\n<p class=\"MsoNormal\"><strong>Planificaci\u00f3n de la noticia.<\/strong><\/p>\n<p class=\"MsoNormal\"><strong>Proceso de realizaci\u00f3n en programas informativos.<\/strong><\/p>\n<p class=\"MsoNormal\"><strong>Presentaciones a c\u00e1mara.<\/strong><\/p>\n<p class=\"MsoNormal\"><strong>Memorizaci\u00f3n e improvisaci\u00f3n en conexiones.<\/strong><\/p>\n<p class=\"MsoNormal\"><strong>Presentaciones en imagen: grabados y directos.<\/strong><\/p>\n<p class=\"MsoNormal\"><strong>Lectura de los off: pr\u00e1cticas<\/strong><\/p>\n<p class=\"MsoNormal\"><strong>Par\u00e1metros t\u00e9cnicos de la imagen.<\/strong><\/p>\n<p class=\"MsoNormal\"><strong> Temperatura de color.<\/strong><\/p>\n<p class=\"MsoNormal\"><strong> Objetivos.<\/strong><\/p>\n<p class=\"MsoNormal\"><strong> Foco. Profundidad de campo<\/strong><\/p>\n<p class=\"MsoNormal\"><strong>Elaboraci\u00f3n de la imagen.<\/strong><\/p>\n<p class=\"MsoNormal\"><strong> Composici\u00f3n. Centros de atenci\u00f3n.<\/strong><\/p>\n<p class=\"MsoNormal\"><strong> Fondos.<\/strong><\/p>\n<p class=\"MsoNormal\"><strong> Angulo y altura de la c\u00e1mara.<\/strong><\/p>\n<p class=\"MsoNormal\"><strong>Planificaci\u00f3n de la secuencia.<\/strong><\/p>\n<p class=\"MsoNormal\"><strong> Racord.<\/strong><\/p>\n<p class=\"MsoNormal\"><strong> Cambio de plano.<\/strong><\/p>\n<p class=\"MsoNormal\"><strong> Eje de acci\u00f3n.<\/strong><\/p>\n<p class=\"MsoNormal\"><strong>Movimientos de c\u00e1mara<\/strong><\/p>\n<p class=\"MsoNormal\"><strong> Panor\u00e1micas.<\/strong><\/p>\n<p class=\"MsoNormal\"><strong> Sobre el hombro.<\/strong><\/p>\n<p class=\"MsoNormal\"><strong> Zoom.<\/strong><\/p>\n<p class=\"MsoNormal\"><strong> Montaje en las tomas.<\/strong><\/p>\n<p class=\"MsoNormal\"><strong>Iluminaci\u00f3n.<\/strong><\/p>\n<p class=\"MsoNormal\"><strong>Toma de sonido<\/strong><\/p>\n","protected":false},"excerpt":{"rendered":"<p>Va dirigido a: Periodistas que se incorporan a un medio televisivo. Objetivos: Facilitar la adaptaci\u00f3n t\u00e9cnica y pr\u00e1ctica de los periodistas a la televisi\u00f3n como medio de informaci\u00f3n audiovisual. Completar conocimientos de las limitaciones t\u00e9cnicas disponibles para la realizaci\u00f3n de reportajes. G\u00e9neros de la informaci\u00f3n en televisi\u00f3n. Redacci\u00f3n para televisi\u00f3n. Sintaxis y estilo. Planificaci\u00f3n de [&hellip;]<\/p>\n","protected":false},"author":3,"featured_media":0,"parent":23,"menu_order":0,"comment_status":"closed","ping_status":"closed","template":"","meta":{"ngg_post_thumbnail":0,"footnotes":""},"class_list":["post-9","page","type-page","status-publish","hentry"],"_links":{"self":[{"href":"https:\/\/polodeguinea.com\/index.php?rest_route=\/wp\/v2\/pages\/9","targetHints":{"allow":["GET"]}}],"collection":[{"href":"https:\/\/polodeguinea.com\/index.php?rest_route=\/wp\/v2\/pages"}],"about":[{"href":"https:\/\/polodeguinea.com\/index.php?rest_route=\/wp\/v2\/types\/page"}],"author":[{"embeddable":true,"href":"https:\/\/polodeguinea.com\/index.php?rest_route=\/wp\/v2\/users\/3"}],"replies":[{"embeddable":true,"href":"https:\/\/polodeguinea.com\/index.php?rest_route=%2Fwp%2Fv2%2Fcomments&post=9"}],"version-history":[{"count":1,"href":"https:\/\/polodeguinea.com\/index.php?rest_route=\/wp\/v2\/pages\/9\/revisions"}],"predecessor-version":[{"id":158,"href":"https:\/\/polodeguinea.com\/index.php?rest_route=\/wp\/v2\/pages\/9\/revisions\/158"}],"up":[{"embeddable":true,"href":"https:\/\/polodeguinea.com\/index.php?rest_route=\/wp\/v2\/pages\/23"}],"wp:attachment":[{"href":"https:\/\/polodeguinea.com\/index.php?rest_route=%2Fwp%2Fv2%2Fmedia&parent=9"}],"curies":[{"name":"wp","href":"https:\/\/api.w.org\/{rel}","templated":true}]}}